{"id":2,"date":"2014-07-02T20:12:42","date_gmt":"2014-07-02T20:12:42","guid":{"rendered":"http:\/\/oficinasdecultura.canoas.ifrs.edu.br\/?page_id=2"},"modified":"2016-05-31T14:06:37","modified_gmt":"2016-05-31T17:06:37","slug":"sample-page","status":"publish","type":"page","link":"https:\/\/oficinasdecultura.canoas.ifrs.edu.br\/?page_id=2","title":{"rendered":"Sobre o Programa"},"content":{"rendered":"<p style=\"text-align: justify;\">O Oficinas Permanentes de Cultura, em sua primeira edi\u00e7\u00e3o como programa e j\u00e1 em seu sexto ano atuando no IFRS C\u00e2mpus Canoas, se consolida como um importante vetor para a oferta de atividades que superem os limites do curr\u00edculo e dialoguem com as representa\u00e7\u00f5es art\u00edsticas e culturais da sociedade, possibilitando \u00e0 comunidade interna e externa\u00a0a viv\u00eancia com outros contextos socioculturais, aspecto que contribui muito no desenvolvimento da aprendizagem e na forma\u00e7\u00e3o profissional.<\/p>\n<p style=\"text-align: justify;\">\u00c9 por meio das manifesta\u00e7\u00f5es culturais que os seres humanos se configuram como seres soci\u00e1veis, produzindo saberes e experi\u00eancias fundamentais para a exist\u00eancia da esp\u00e9cie. Insepar\u00e1vel deste processo, a Educa\u00e7\u00e3o, caracter\u00edstica ontol\u00f3gica do ser humano e compreendida em suas v\u00e1rias formas, \u00e9 a respons\u00e1vel pela transmiss\u00e3o dos conhecimentos acumulados pela humanidade para as novas gera\u00e7\u00f5es enquanto, dialeticamente, possibilita o surgimento de novos saberes demandados por realidades hist\u00f3ricas em permanente mudan\u00e7a. Portanto, a Educa\u00e7\u00e3o e a Cultura, apesar de suas peculiaridades, consolidam-se em processos insepar\u00e1veis no cotidiano de uma institui\u00e7\u00e3o de ensino.<\/p>\n<p style=\"text-align: justify;\">Em sua primeira edi\u00e7\u00e3o, o programa conta com os j\u00e1 conhecidos projetos Oficina de M\u00fasica, Oficina de Fotografia, Oficina de Teatro e Oficina de Desenho, desenvolvidos por seus respectivos bolsistas. Junto a estes projetos, desenvolvem-se mais duas atividades vinculados ao programa e ministradas por bolsistas volunt\u00e1rios: a Oficina de Dan\u00e7a e a Oficina de Xadrez. Todas essas a\u00e7\u00f5es apresentam a possibilidade de estabelecer di\u00e1logo com outras manifesta\u00e7\u00f5es culturais, com os conhecimentos trabalhados pelos diferentes componentes curriculares e com os assuntos de interesse dos educandos.<\/p>\n<p style=\"text-align: justify;\">Este ano, o programa tem o seguinte corpo:<\/p>\n<ul>\n<li style=\"text-align: justify;\">Gustavo Neuberger (Coordenador\/Orientador)<\/li>\n<li style=\"text-align: justify;\">Jo\u00e3o Pedro Schwingel Carada (Bolsista do Programa)<\/li>\n<li style=\"text-align: justify;\">Leonardo Job dos Santos (Bolsista do Programa)<\/li>\n<li style=\"text-align: justify;\">Brenda Karoline Cruz Nogueira (Bolsista Volunt\u00e1ria do Programa)<\/li>\n<li style=\"text-align: justify;\">Bruna Meirelles (Bolsista Volunt\u00e1ria do Programa &#8211; Oficina de Dan\u00e7a)<\/li>\n<li style=\"text-align: justify;\">Gustavi Felipe S\u00e1 Brito (Bolsista Volunt\u00e1rio do Programa &#8211; Oficina de Xadrez)<\/li>\n<li style=\"text-align: justify;\">Luigi Mostoswiski Oliveira (Bolsista da Oficina de M\u00fasica)<\/li>\n<li style=\"text-align: justify;\">Luis Francisco Mariano (Bolsista da Oficina de M\u00fasica)<\/li>\n<li style=\"text-align: justify;\">Nathalia Baptista Huisacayna (Bolsista de Fotografia)<\/li>\n<li style=\"text-align: justify;\">Melissa Menezes Schwarz (Bolsista de Teatro)<\/li>\n<li style=\"text-align: justify;\">Maximiliano Kunrath Ser\u00f4a (Bolsista de Desenho)<\/li>\n<\/ul>\n","protected":false},"excerpt":{"rendered":"<p>O Oficinas Permanentes de Cultura, em sua primeira edi\u00e7\u00e3o como programa e j\u00e1 em seu sexto ano atuando no IFRS C\u00e2mpus Canoas, se consolida como um importante vetor para a[&#8230;]<\/p>\n","protected":false},"author":1,"featured_media":0,"parent":0,"menu_order":0,"comment_status":"open","ping_status":"open","template":"","meta":{"footnotes":""},"class_list":["post-2","page","type-page","status-publish","hentry"],"_links":{"self":[{"href":"https:\/\/oficinasdecultura.canoas.ifrs.edu.br\/index.php?rest_route=\/wp\/v2\/pages\/2","targetHints":{"allow":["GET"]}}],"collection":[{"href":"https:\/\/oficinasdecultura.canoas.ifrs.edu.br\/index.php?rest_route=\/wp\/v2\/pages"}],"about":[{"href":"https:\/\/oficinasdecultura.canoas.ifrs.edu.br\/index.php?rest_route=\/wp\/v2\/types\/page"}],"author":[{"embeddable":true,"href":"https:\/\/oficinasdecultura.canoas.ifrs.edu.br\/index.php?rest_route=\/wp\/v2\/users\/1"}],"replies":[{"embeddable":true,"href":"https:\/\/oficinasdecultura.canoas.ifrs.edu.br\/index.php?rest_route=%2Fwp%2Fv2%2Fcomments&post=2"}],"version-history":[{"count":12,"href":"https:\/\/oficinasdecultura.canoas.ifrs.edu.br\/index.php?rest_route=\/wp\/v2\/pages\/2\/revisions"}],"predecessor-version":[{"id":628,"href":"https:\/\/oficinasdecultura.canoas.ifrs.edu.br\/index.php?rest_route=\/wp\/v2\/pages\/2\/revisions\/628"}],"wp:attachment":[{"href":"https:\/\/oficinasdecultura.canoas.ifrs.edu.br\/index.php?rest_route=%2Fwp%2Fv2%2Fmedia&parent=2"}],"curies":[{"name":"wp","href":"https:\/\/api.w.org\/{rel}","templated":true}]}}