{"id":597,"date":"2016-05-30T23:33:51","date_gmt":"2016-05-31T02:33:51","guid":{"rendered":"http:\/\/oficinasdecultura.canoas.ifrs.edu.br\/?page_id=597"},"modified":"2016-06-07T16:51:49","modified_gmt":"2016-06-07T19:51:49","slug":"sobre-a-oficina-de-xadrez","status":"publish","type":"page","link":"https:\/\/oficinasdecultura.canoas.ifrs.edu.br\/?page_id=597","title":{"rendered":"Sobre a Oficina de Xadrez"},"content":{"rendered":"<div style=\"text-align: justify;\">O Xadrez Moderno surgiu no s\u00e9culo XV, difundido-se na Europa e se popularizando em casas de caf\u00e9, chegando \u00e0 Am\u00e9rica somente no s\u00e9culo XVII. O Xadrez sempre foi considerado um jogo complexo, onde podem ser encontrados humanos com um QI extremamente grande. Entre os mais famosos jogadores, est\u00e3o principalmente russos como Karpov e Kasparov.<\/div>\n<div style=\"text-align: justify;\"><\/div>\n<div style=\"text-align: justify;\">A Oficina de Xadrez tem como objetivo ensinar e aperfei\u00e7oar os conhecimentos dos interessados nessa modalidade, trazendo divers\u00e3o e aprimoramento das habilidades relativas a jogos l\u00f3gicos. Ao fim, \u00e9 feito\u00a0um torneio entre os participantes para testar as habilidades adquiridas no decorrer da oficina. H\u00e1 tamb\u00e9m jogos em duplas e outras formas de abordagem ao Xadrez, podendo haver disputas entre participantes e administradores do Programa Oficinas Permanentes de Cultura (extraoficiais).<\/div>\n","protected":false},"excerpt":{"rendered":"<p>O Xadrez Moderno surgiu no s\u00e9culo XV, difundido-se na Europa e se popularizando em casas de caf\u00e9, chegando \u00e0 Am\u00e9rica somente no s\u00e9culo XVII. O Xadrez sempre foi considerado um[&#8230;]<\/p>\n","protected":false},"author":1,"featured_media":0,"parent":0,"menu_order":0,"comment_status":"closed","ping_status":"closed","template":"","meta":{"footnotes":""},"class_list":["post-597","page","type-page","status-publish","hentry"],"_links":{"self":[{"href":"https:\/\/oficinasdecultura.canoas.ifrs.edu.br\/index.php?rest_route=\/wp\/v2\/pages\/597","targetHints":{"allow":["GET"]}}],"collection":[{"href":"https:\/\/oficinasdecultura.canoas.ifrs.edu.br\/index.php?rest_route=\/wp\/v2\/pages"}],"about":[{"href":"https:\/\/oficinasdecultura.canoas.ifrs.edu.br\/index.php?rest_route=\/wp\/v2\/types\/page"}],"author":[{"embeddable":true,"href":"https:\/\/oficinasdecultura.canoas.ifrs.edu.br\/index.php?rest_route=\/wp\/v2\/users\/1"}],"replies":[{"embeddable":true,"href":"https:\/\/oficinasdecultura.canoas.ifrs.edu.br\/index.php?rest_route=%2Fwp%2Fv2%2Fcomments&post=597"}],"version-history":[{"count":5,"href":"https:\/\/oficinasdecultura.canoas.ifrs.edu.br\/index.php?rest_route=\/wp\/v2\/pages\/597\/revisions"}],"predecessor-version":[{"id":673,"href":"https:\/\/oficinasdecultura.canoas.ifrs.edu.br\/index.php?rest_route=\/wp\/v2\/pages\/597\/revisions\/673"}],"wp:attachment":[{"href":"https:\/\/oficinasdecultura.canoas.ifrs.edu.br\/index.php?rest_route=%2Fwp%2Fv2%2Fmedia&parent=597"}],"curies":[{"name":"wp","href":"https:\/\/api.w.org\/{rel}","templated":true}]}}