{"id":599,"date":"2016-05-30T23:34:14","date_gmt":"2016-05-31T02:34:14","guid":{"rendered":"http:\/\/oficinasdecultura.canoas.ifrs.edu.br\/?page_id=599"},"modified":"2016-06-06T14:42:20","modified_gmt":"2016-06-06T17:42:20","slug":"sobre-a-oficina-de-musica","status":"publish","type":"page","link":"https:\/\/oficinasdecultura.canoas.ifrs.edu.br\/?page_id=599","title":{"rendered":"Sobre a Oficina de M\u00fasica"},"content":{"rendered":"<p style=\"text-align: justify;\">A M\u00fasica representa uma das principais formas de express\u00e3o e propaga\u00e7\u00e3o\u00a0cultural, constituindo-se como um mecanismo popular para esta finalidade. Al\u00e9m\u00a0disso, as formas de express\u00e3o musical que fazem parte do cotidiano de nossa\u00a0comunidade registram diferentes aspectos culturais, locais e globais, e s\u00e3o\u00a0compreendidas como uma atividade ligada \u00e0 alegria e o prazer.<\/p>\n<p style=\"text-align: justify;\">A Oficina de M\u00fasica busca contribuir para a socializa\u00e7\u00e3o e aprendizado das\u00a0diversas formas culturais que se expressam atrav\u00e9s da linguagem art\u00edstica musical,\u00a0pois faz parte do cotidiano dos sujeitos de nossa comunidade, independente de sua\u00a0classe socioecon\u00f4mica. Soma-se a isto, o fato de que a viv\u00eancia musical possibilita\u00a0o trabalho das emo\u00e7\u00f5es, o desenvolvimento da sensibilidade, a percep\u00e7\u00e3o auditiva e\u00a0a sociabilidade. Nas Oficinas s\u00e3o oferecidas aulas de inicia\u00e7\u00e3o musical (viol\u00e3o, teclado, bateria e baixo), em\u00a0encontros semanais, e formados grupos musicais, de diferentes estilos, junto \u00e0\u00a0comunidade do C\u00e2mpus Canoas.<\/p>\n","protected":false},"excerpt":{"rendered":"<p>A M\u00fasica representa uma das principais formas de express\u00e3o e propaga\u00e7\u00e3o\u00a0cultural, constituindo-se como um mecanismo popular para esta finalidade. Al\u00e9m\u00a0disso, as formas de express\u00e3o musical que fazem parte do cotidiano[&#8230;]<\/p>\n","protected":false},"author":1,"featured_media":0,"parent":0,"menu_order":0,"comment_status":"closed","ping_status":"closed","template":"","meta":{"footnotes":""},"class_list":["post-599","page","type-page","status-publish","hentry"],"_links":{"self":[{"href":"https:\/\/oficinasdecultura.canoas.ifrs.edu.br\/index.php?rest_route=\/wp\/v2\/pages\/599","targetHints":{"allow":["GET"]}}],"collection":[{"href":"https:\/\/oficinasdecultura.canoas.ifrs.edu.br\/index.php?rest_route=\/wp\/v2\/pages"}],"about":[{"href":"https:\/\/oficinasdecultura.canoas.ifrs.edu.br\/index.php?rest_route=\/wp\/v2\/types\/page"}],"author":[{"embeddable":true,"href":"https:\/\/oficinasdecultura.canoas.ifrs.edu.br\/index.php?rest_route=\/wp\/v2\/users\/1"}],"replies":[{"embeddable":true,"href":"https:\/\/oficinasdecultura.canoas.ifrs.edu.br\/index.php?rest_route=%2Fwp%2Fv2%2Fcomments&post=599"}],"version-history":[{"count":3,"href":"https:\/\/oficinasdecultura.canoas.ifrs.edu.br\/index.php?rest_route=\/wp\/v2\/pages\/599\/revisions"}],"predecessor-version":[{"id":663,"href":"https:\/\/oficinasdecultura.canoas.ifrs.edu.br\/index.php?rest_route=\/wp\/v2\/pages\/599\/revisions\/663"}],"wp:attachment":[{"href":"https:\/\/oficinasdecultura.canoas.ifrs.edu.br\/index.php?rest_route=%2Fwp%2Fv2%2Fmedia&parent=599"}],"curies":[{"name":"wp","href":"https:\/\/api.w.org\/{rel}","templated":true}]}}