{"id":601,"date":"2016-05-30T23:34:28","date_gmt":"2016-05-31T02:34:28","guid":{"rendered":"http:\/\/oficinasdecultura.canoas.ifrs.edu.br\/?page_id=601"},"modified":"2016-06-07T16:52:39","modified_gmt":"2016-06-07T19:52:39","slug":"sobre-a-oficina-de-desenho","status":"publish","type":"page","link":"https:\/\/oficinasdecultura.canoas.ifrs.edu.br\/?page_id=601","title":{"rendered":"Sobre a Oficina de Desenho"},"content":{"rendered":"<p style=\"text-align: justify;\">O desenho corresponde ao primeiro registro art\u00edstico da humanidade e, desde\u00a0a Pr\u00e9-Hist\u00f3ria, teve distintos usos e configura\u00e7\u00f5es. Base estrutural das composi\u00e7\u00f5es\u00a0na Renascen\u00e7a passou por estiliza\u00e7\u00f5es e desconstru\u00e7\u00f5es diversas at\u00e9 a\u00a0contemporaneidade sem deixar de ser linguagem prim\u00e1ria a que recorremos para\u00a0ilustra\u00e7\u00e3o do pensamento, seja ele de ordem visual ou textual.<\/p>\n<p style=\"text-align: justify;\">A Oficina de Desenho procura criar um espa\u00e7o de experimenta\u00e7\u00e3o e\u00a0conhecimento de materiais e t\u00e9cnicas articulada \u00e0 aprecia\u00e7\u00e3o da produ\u00e7\u00e3o de\u00a0artistas cl\u00e1ssicos, modernos e contempor\u00e2neos. A Oficina est\u00e1 organizada em\u00a0encontros semanais, com duas horas de dura\u00e7\u00e3o, que visam estimular o aluno a\u00a0arriscar-se em expressar sua criatividade, o trabalho coletivo na feitura de trabalhos\u00a0e na organiza\u00e7\u00e3o curatorial de uma exposi\u00e7\u00e3o, desenvolver no\u00e7\u00f5es de composi\u00e7\u00e3o\u00a0figurativa e abstrata, contribuindo para a amplia\u00e7\u00e3o do conceito de desenho e\u00a0rompendo com o estigma do desenho figurativo realista. Busca desenvolver a\u00a0observa\u00e7\u00e3o atenta e qualifica\u00e7\u00e3o do olhar e desenvolver o senso cr\u00edtico acerca de\u00a0sua pr\u00f3pria produ\u00e7\u00e3o, lidar com as cr\u00edticas do grupo e realizar cr\u00edticas a outros\u00a0trabalhos em atividades de leitura e aprecia\u00e7\u00e3o coletiva.<\/p>\n","protected":false},"excerpt":{"rendered":"<p>O desenho corresponde ao primeiro registro art\u00edstico da humanidade e, desde\u00a0a Pr\u00e9-Hist\u00f3ria, teve distintos usos e configura\u00e7\u00f5es. Base estrutural das composi\u00e7\u00f5es\u00a0na Renascen\u00e7a passou por estiliza\u00e7\u00f5es e desconstru\u00e7\u00f5es diversas at\u00e9 a\u00a0contemporaneidade[&#8230;]<\/p>\n","protected":false},"author":1,"featured_media":0,"parent":0,"menu_order":0,"comment_status":"closed","ping_status":"closed","template":"","meta":{"footnotes":""},"class_list":["post-601","page","type-page","status-publish","hentry"],"_links":{"self":[{"href":"https:\/\/oficinasdecultura.canoas.ifrs.edu.br\/index.php?rest_route=\/wp\/v2\/pages\/601","targetHints":{"allow":["GET"]}}],"collection":[{"href":"https:\/\/oficinasdecultura.canoas.ifrs.edu.br\/index.php?rest_route=\/wp\/v2\/pages"}],"about":[{"href":"https:\/\/oficinasdecultura.canoas.ifrs.edu.br\/index.php?rest_route=\/wp\/v2\/types\/page"}],"author":[{"embeddable":true,"href":"https:\/\/oficinasdecultura.canoas.ifrs.edu.br\/index.php?rest_route=\/wp\/v2\/users\/1"}],"replies":[{"embeddable":true,"href":"https:\/\/oficinasdecultura.canoas.ifrs.edu.br\/index.php?rest_route=%2Fwp%2Fv2%2Fcomments&post=601"}],"version-history":[{"count":3,"href":"https:\/\/oficinasdecultura.canoas.ifrs.edu.br\/index.php?rest_route=\/wp\/v2\/pages\/601\/revisions"}],"predecessor-version":[{"id":674,"href":"https:\/\/oficinasdecultura.canoas.ifrs.edu.br\/index.php?rest_route=\/wp\/v2\/pages\/601\/revisions\/674"}],"wp:attachment":[{"href":"https:\/\/oficinasdecultura.canoas.ifrs.edu.br\/index.php?rest_route=%2Fwp%2Fv2%2Fmedia&parent=601"}],"curies":[{"name":"wp","href":"https:\/\/api.w.org\/{rel}","templated":true}]}}