{"id":603,"date":"2016-05-30T23:34:54","date_gmt":"2016-05-31T02:34:54","guid":{"rendered":"http:\/\/oficinasdecultura.canoas.ifrs.edu.br\/?page_id=603"},"modified":"2016-06-07T16:52:50","modified_gmt":"2016-06-07T19:52:50","slug":"sobre-a-oficina-de-fotografia","status":"publish","type":"page","link":"https:\/\/oficinasdecultura.canoas.ifrs.edu.br\/?page_id=603","title":{"rendered":"Sobre a Oficina de Fotografia"},"content":{"rendered":"<p style=\"text-align: justify;\">A fotografia \u00e9 uma linguagem, que desde seus prim\u00f3rdios, no in\u00edcio do s\u00e9culo\u00a0XIX, tem despertado fasc\u00ednio nos seres humanos, com o advento da possibilidade\u00a0de eternizar um momento de um ponto de vista particular. Inicialmente reservada a\u00a0ser um instrumento de trabalho de grandes fot\u00f3grafos, com o avan\u00e7o recente da\u00a0tecnologia de fotografia digital, in\u00fameras pessoas come\u00e7aram a adotar a fotografia\u00a0como um hobby, que est\u00e1 cada vez mais acess\u00edvel e popular.<\/p>\n<p style=\"text-align: justify;\">A Oficina de Fotografia ocorrer\u00e1 em duas edi\u00e7\u00f5es anuais, com dez encontros\u00a0cada, que tem por objetivo central o desenvolvimento dos conceitos b\u00e1sicos da arte\u00a0fotogr\u00e1fica, quer na perspectiva art\u00edstica, quer nos conhecimentos t\u00e9cnicos e no uso\u00a0dos equipamentos. A Oficina dialoga com saberes pr\u00f3prios da \u00e1rea da inform\u00e1tica,\u00a0como a utiliza\u00e7\u00e3o de softwares de tratamento de imagem, desenvolver as principais\u00a0t\u00e9cnicas da fotogr\u00e1fica digital, o manuseio de equipamento e a sensibilidade art\u00edstica\u00a0e pretende realizar exposi\u00e7\u00f5es com os trabalhos realizados.<\/p>\n<p style=\"text-align: justify;\"><img loading=\"lazy\" decoding=\"async\" class=\"wp-image-179 aligncenter\" src=\"http:\/\/oficinasdecultura.canoas.ifrs.edu.br\/wp-content\/uploads\/2014\/08\/10429417_10152407168427910_68268071383048230_n.jpg\" alt=\"10429417_10152407168427910_68268071383048230_n\" width=\"387\" height=\"258\" srcset=\"https:\/\/oficinasdecultura.canoas.ifrs.edu.br\/wp-content\/uploads\/2014\/08\/10429417_10152407168427910_68268071383048230_n.jpg 625w, https:\/\/oficinasdecultura.canoas.ifrs.edu.br\/wp-content\/uploads\/2014\/08\/10429417_10152407168427910_68268071383048230_n-300x200.jpg 300w, https:\/\/oficinasdecultura.canoas.ifrs.edu.br\/wp-content\/uploads\/2014\/08\/10429417_10152407168427910_68268071383048230_n-622x415.jpg 622w, https:\/\/oficinasdecultura.canoas.ifrs.edu.br\/wp-content\/uploads\/2014\/08\/10429417_10152407168427910_68268071383048230_n-150x100.jpg 150w\" sizes=\"auto, (max-width: 387px) 100vw, 387px\" \/><\/p>\n<p style=\"text-align: justify;\"><img loading=\"lazy\" decoding=\"async\" class=\"wp-image-175\" src=\"http:\/\/oficinasdecultura.canoas.ifrs.edu.br\/wp-content\/uploads\/2014\/08\/10302525_10152407157162910_95553915612212509_n.jpg\" alt=\"10302525_10152407157162910_95553915612212509_n\" width=\"388\" height=\"258\" srcset=\"https:\/\/oficinasdecultura.canoas.ifrs.edu.br\/wp-content\/uploads\/2014\/08\/10302525_10152407157162910_95553915612212509_n.jpg 960w, https:\/\/oficinasdecultura.canoas.ifrs.edu.br\/wp-content\/uploads\/2014\/08\/10302525_10152407157162910_95553915612212509_n-300x200.jpg 300w, https:\/\/oficinasdecultura.canoas.ifrs.edu.br\/wp-content\/uploads\/2014\/08\/10302525_10152407157162910_95553915612212509_n-622x415.jpg 622w, https:\/\/oficinasdecultura.canoas.ifrs.edu.br\/wp-content\/uploads\/2014\/08\/10302525_10152407157162910_95553915612212509_n-150x100.jpg 150w\" sizes=\"auto, (max-width: 388px) 100vw, 388px\" \/><\/p>\n","protected":false},"excerpt":{"rendered":"<p>A fotografia \u00e9 uma linguagem, que desde seus prim\u00f3rdios, no in\u00edcio do s\u00e9culo\u00a0XIX, tem despertado fasc\u00ednio nos seres humanos, com o advento da possibilidade\u00a0de eternizar um momento de um ponto[&#8230;]<\/p>\n","protected":false},"author":1,"featured_media":0,"parent":0,"menu_order":0,"comment_status":"closed","ping_status":"closed","template":"","meta":{"footnotes":""},"class_list":["post-603","page","type-page","status-publish","hentry"],"_links":{"self":[{"href":"https:\/\/oficinasdecultura.canoas.ifrs.edu.br\/index.php?rest_route=\/wp\/v2\/pages\/603","targetHints":{"allow":["GET"]}}],"collection":[{"href":"https:\/\/oficinasdecultura.canoas.ifrs.edu.br\/index.php?rest_route=\/wp\/v2\/pages"}],"about":[{"href":"https:\/\/oficinasdecultura.canoas.ifrs.edu.br\/index.php?rest_route=\/wp\/v2\/types\/page"}],"author":[{"embeddable":true,"href":"https:\/\/oficinasdecultura.canoas.ifrs.edu.br\/index.php?rest_route=\/wp\/v2\/users\/1"}],"replies":[{"embeddable":true,"href":"https:\/\/oficinasdecultura.canoas.ifrs.edu.br\/index.php?rest_route=%2Fwp%2Fv2%2Fcomments&post=603"}],"version-history":[{"count":6,"href":"https:\/\/oficinasdecultura.canoas.ifrs.edu.br\/index.php?rest_route=\/wp\/v2\/pages\/603\/revisions"}],"predecessor-version":[{"id":675,"href":"https:\/\/oficinasdecultura.canoas.ifrs.edu.br\/index.php?rest_route=\/wp\/v2\/pages\/603\/revisions\/675"}],"wp:attachment":[{"href":"https:\/\/oficinasdecultura.canoas.ifrs.edu.br\/index.php?rest_route=%2Fwp%2Fv2%2Fmedia&parent=603"}],"curies":[{"name":"wp","href":"https:\/\/api.w.org\/{rel}","templated":true}]}}