{"id":606,"date":"2016-05-30T23:35:42","date_gmt":"2016-05-31T02:35:42","guid":{"rendered":"http:\/\/oficinasdecultura.canoas.ifrs.edu.br\/?page_id=606"},"modified":"2016-06-07T16:53:30","modified_gmt":"2016-06-07T19:53:30","slug":"sobre-a-oficina-de-teatro","status":"publish","type":"page","link":"https:\/\/oficinasdecultura.canoas.ifrs.edu.br\/?page_id=606","title":{"rendered":"Sobre a Oficina de Teatro"},"content":{"rendered":"<p style=\"text-align: justify;\">O Teatro teve sua origem no s\u00e9culo VI a.C., na Gr\u00e9cia, o termo deriva dos\u00a0verbos gregos ver, enxergar, lugar de ver, ver o mundo, se ver no mundo, se\u00a0perceber, perceber o outro e a sua rela\u00e7\u00e3o com o outro. Assim, pedagogicamente o\u00a0teatro busca mostrar o comportamento social e moral dos sujeitos, reproduzindo\u00a0atrav\u00e9s da arte diferentes significa\u00e7\u00f5es.<\/p>\n<p style=\"text-align: justify;\">A Oficina de Teatro busca proporcionar aos educandos espa\u00e7os de cria\u00e7\u00e3o,\u00a0atrav\u00e9s do desenvolvimento de conceitos teatrais b\u00e1sicos, possibilitando a\u00a0comunica\u00e7\u00e3o atrav\u00e9s da express\u00e3o corporal. Tem como objetivo proporcionar aos\u00a0estudantes o contato com o l\u00fadico e a imagina\u00e7\u00e3o atrav\u00e9s de seu corpo,\u00a0desenvolvendo pr\u00e1ticas de atividades tanto psicomotoras quanto de constru\u00e7\u00e3o de\u00a0hist\u00f3rias e identifica\u00e7\u00e3o com diferentes personagens. As atividades previstas\u00a0buscam intensificar a utiliza\u00e7\u00e3o da criatividade e experimenta\u00e7\u00e3o, despertar o prazer\u00a0de expressar-se de diferentes formas, sempre valorizando a rela\u00e7\u00e3o interpessoal.\u00a0Para isso, s\u00e3o realizados encontros semanais, de duas horas de dura\u00e7\u00e3o, visando\u00a0articular a teoria do teatro com a pr\u00e1tica, abordando aspectos como: conhecimento\u00a0dos diferentes tipos de teatro, improvisa\u00e7\u00f5es, uso corporal, esquetes, adapta\u00e7\u00e3o de\u00a0diferentes pe\u00e7as teatrais assim como a produ\u00e7\u00e3o de roteiros pr\u00f3prios; cria\u00e7\u00e3o de\u00a0personagens; figurinos, cen\u00e1rios e adapta\u00e7\u00e3o de sonoriza\u00e7\u00e3o.<\/p>\n","protected":false},"excerpt":{"rendered":"<p>O Teatro teve sua origem no s\u00e9culo VI a.C., na Gr\u00e9cia, o termo deriva dos\u00a0verbos gregos ver, enxergar, lugar de ver, ver o mundo, se ver no mundo, se\u00a0perceber, perceber[&#8230;]<\/p>\n","protected":false},"author":1,"featured_media":0,"parent":0,"menu_order":0,"comment_status":"closed","ping_status":"closed","template":"","meta":{"footnotes":""},"class_list":["post-606","page","type-page","status-publish","hentry"],"_links":{"self":[{"href":"https:\/\/oficinasdecultura.canoas.ifrs.edu.br\/index.php?rest_route=\/wp\/v2\/pages\/606","targetHints":{"allow":["GET"]}}],"collection":[{"href":"https:\/\/oficinasdecultura.canoas.ifrs.edu.br\/index.php?rest_route=\/wp\/v2\/pages"}],"about":[{"href":"https:\/\/oficinasdecultura.canoas.ifrs.edu.br\/index.php?rest_route=\/wp\/v2\/types\/page"}],"author":[{"embeddable":true,"href":"https:\/\/oficinasdecultura.canoas.ifrs.edu.br\/index.php?rest_route=\/wp\/v2\/users\/1"}],"replies":[{"embeddable":true,"href":"https:\/\/oficinasdecultura.canoas.ifrs.edu.br\/index.php?rest_route=%2Fwp%2Fv2%2Fcomments&post=606"}],"version-history":[{"count":4,"href":"https:\/\/oficinasdecultura.canoas.ifrs.edu.br\/index.php?rest_route=\/wp\/v2\/pages\/606\/revisions"}],"predecessor-version":[{"id":676,"href":"https:\/\/oficinasdecultura.canoas.ifrs.edu.br\/index.php?rest_route=\/wp\/v2\/pages\/606\/revisions\/676"}],"wp:attachment":[{"href":"https:\/\/oficinasdecultura.canoas.ifrs.edu.br\/index.php?rest_route=%2Fwp%2Fv2%2Fmedia&parent=606"}],"curies":[{"name":"wp","href":"https:\/\/api.w.org\/{rel}","templated":true}]}}