{"id":613,"date":"2016-05-30T23:42:24","date_gmt":"2016-05-31T02:42:24","guid":{"rendered":"http:\/\/oficinasdecultura.canoas.ifrs.edu.br\/?page_id=613"},"modified":"2016-05-30T23:42:24","modified_gmt":"2016-05-31T02:42:24","slug":"sobre-a-banda-do-ifrs-campus-canoas","status":"publish","type":"page","link":"https:\/\/oficinasdecultura.canoas.ifrs.edu.br\/?page_id=613","title":{"rendered":"Sobre a Banda do IFRS C\u00e2mpus Canoas"},"content":{"rendered":"<p>Em constru\u00e7\u00e3o.<\/p>\n","protected":false},"excerpt":{"rendered":"<p>Em constru\u00e7\u00e3o.<\/p>\n","protected":false},"author":1,"featured_media":0,"parent":0,"menu_order":0,"comment_status":"closed","ping_status":"closed","template":"","meta":{"footnotes":""},"class_list":["post-613","page","type-page","status-publish","hentry"],"_links":{"self":[{"href":"https:\/\/oficinasdecultura.canoas.ifrs.edu.br\/index.php?rest_route=\/wp\/v2\/pages\/613","targetHints":{"allow":["GET"]}}],"collection":[{"href":"https:\/\/oficinasdecultura.canoas.ifrs.edu.br\/index.php?rest_route=\/wp\/v2\/pages"}],"about":[{"href":"https:\/\/oficinasdecultura.canoas.ifrs.edu.br\/index.php?rest_route=\/wp\/v2\/types\/page"}],"author":[{"embeddable":true,"href":"https:\/\/oficinasdecultura.canoas.ifrs.edu.br\/index.php?rest_route=\/wp\/v2\/users\/1"}],"replies":[{"embeddable":true,"href":"https:\/\/oficinasdecultura.canoas.ifrs.edu.br\/index.php?rest_route=%2Fwp%2Fv2%2Fcomments&post=613"}],"version-history":[{"count":1,"href":"https:\/\/oficinasdecultura.canoas.ifrs.edu.br\/index.php?rest_route=\/wp\/v2\/pages\/613\/revisions"}],"predecessor-version":[{"id":614,"href":"https:\/\/oficinasdecultura.canoas.ifrs.edu.br\/index.php?rest_route=\/wp\/v2\/pages\/613\/revisions\/614"}],"wp:attachment":[{"href":"https:\/\/oficinasdecultura.canoas.ifrs.edu.br\/index.php?rest_route=%2Fwp%2Fv2%2Fmedia&parent=613"}],"curies":[{"name":"wp","href":"https:\/\/api.w.org\/{rel}","templated":true}]}}