{"id":651,"date":"2016-06-06T14:19:06","date_gmt":"2016-06-06T17:19:06","guid":{"rendered":"http:\/\/oficinasdecultura.canoas.ifrs.edu.br\/?page_id=651"},"modified":"2016-06-06T14:20:37","modified_gmt":"2016-06-06T17:20:37","slug":"sobre-a-oficina-de-quadrinhos","status":"publish","type":"page","link":"https:\/\/oficinasdecultura.canoas.ifrs.edu.br\/?page_id=651","title":{"rendered":"Sobre a Oficina de Quadrinhos"},"content":{"rendered":"<p style=\"text-align: justify;\">As Hist\u00f3rias em Quadrinhos articulam texto e desenho em uma l\u00f3gica\u00a0sequencial que permite o desenvolvimento da narrativa. Assim, os Quadrinhos s\u00e3o\u00a0um significativo instrumento para o desenvolvimento da criatividade, vinculados a\u00a0uma linguagem contempor\u00e2nea e pr\u00f3xima dos educandos, e permitem intera\u00e7\u00f5es\u00a0com as demais componentes do curr\u00edculo.<\/p>\n<p style=\"text-align: justify;\">A Oficina de Quadrinhos pretende ser um espa\u00e7o\/tempo para o exerc\u00edcio da\u00a0criatividade e de t\u00e9cnicas de escrita e desenho, atrav\u00e9s do trabalho coletivo,\u00a0proporcionando o desenvolvimento da organiza\u00e7\u00e3o e do planejamento. Al\u00e9m disso,\u00a0prop\u00f5em a ser um vetor para a eleva\u00e7\u00e3o da autoestima dos educandos, com a\u00a0divulga\u00e7\u00e3o dos trabalhos produzidos e a socializa\u00e7\u00e3o de experi\u00eancias com\u00a0profissionais da \u00e1rea. Consolidando este trabalho, em 2013, foi editado o primeiro\u00a0n\u00famero da revista \u201cNon Sequitur\u201d, com produ\u00e7\u00f5es da Oficina ao longo de sua\u00a0trajet\u00f3ria.<\/p>\n<div id=\"attachment_464\" style=\"width: 299px\" class=\"wp-caption aligncenter\"><img loading=\"lazy\" decoding=\"async\" aria-describedby=\"caption-attachment-464\" class=\" wp-image-464\" src=\"http:\/\/oficinasdecultura.canoas.ifrs.edu.br\/wp-content\/uploads\/2015\/06\/capa-non-sequitur.-742x1024.jpg\" alt=\"Capa da Revista \" width=\"289\" height=\"399\" srcset=\"https:\/\/oficinasdecultura.canoas.ifrs.edu.br\/wp-content\/uploads\/2015\/06\/capa-non-sequitur.-742x1024.jpg 742w, https:\/\/oficinasdecultura.canoas.ifrs.edu.br\/wp-content\/uploads\/2015\/06\/capa-non-sequitur.-217x300.jpg 217w, https:\/\/oficinasdecultura.canoas.ifrs.edu.br\/wp-content\/uploads\/2015\/06\/capa-non-sequitur.-622x857.jpg 622w\" sizes=\"auto, (max-width: 289px) 100vw, 289px\" \/><p id=\"caption-attachment-464\" class=\"wp-caption-text\">Capa da Revista<\/p><\/div>\n<p style=\"text-align: justify;\">A Oficina atualmente est\u00e1 desativada.<\/p>\n","protected":false},"excerpt":{"rendered":"<p>As Hist\u00f3rias em Quadrinhos articulam texto e desenho em uma l\u00f3gica\u00a0sequencial que permite o desenvolvimento da narrativa. Assim, os Quadrinhos s\u00e3o\u00a0um significativo instrumento para o desenvolvimento da criatividade, vinculados a\u00a0uma[&#8230;]<\/p>\n","protected":false},"author":1,"featured_media":0,"parent":0,"menu_order":0,"comment_status":"closed","ping_status":"closed","template":"","meta":{"footnotes":""},"class_list":["post-651","page","type-page","status-publish","hentry"],"_links":{"self":[{"href":"https:\/\/oficinasdecultura.canoas.ifrs.edu.br\/index.php?rest_route=\/wp\/v2\/pages\/651","targetHints":{"allow":["GET"]}}],"collection":[{"href":"https:\/\/oficinasdecultura.canoas.ifrs.edu.br\/index.php?rest_route=\/wp\/v2\/pages"}],"about":[{"href":"https:\/\/oficinasdecultura.canoas.ifrs.edu.br\/index.php?rest_route=\/wp\/v2\/types\/page"}],"author":[{"embeddable":true,"href":"https:\/\/oficinasdecultura.canoas.ifrs.edu.br\/index.php?rest_route=\/wp\/v2\/users\/1"}],"replies":[{"embeddable":true,"href":"https:\/\/oficinasdecultura.canoas.ifrs.edu.br\/index.php?rest_route=%2Fwp%2Fv2%2Fcomments&post=651"}],"version-history":[{"count":2,"href":"https:\/\/oficinasdecultura.canoas.ifrs.edu.br\/index.php?rest_route=\/wp\/v2\/pages\/651\/revisions"}],"predecessor-version":[{"id":655,"href":"https:\/\/oficinasdecultura.canoas.ifrs.edu.br\/index.php?rest_route=\/wp\/v2\/pages\/651\/revisions\/655"}],"wp:attachment":[{"href":"https:\/\/oficinasdecultura.canoas.ifrs.edu.br\/index.php?rest_route=%2Fwp%2Fv2%2Fmedia&parent=651"}],"curies":[{"name":"wp","href":"https:\/\/api.w.org\/{rel}","templated":true}]}}