{"id":656,"date":"2016-06-06T14:25:51","date_gmt":"2016-06-06T17:25:51","guid":{"rendered":"http:\/\/oficinasdecultura.canoas.ifrs.edu.br\/?page_id=656"},"modified":"2016-06-06T14:27:18","modified_gmt":"2016-06-06T17:27:18","slug":"sobre-a-oficina-de-roteiro-audiovisual","status":"publish","type":"page","link":"https:\/\/oficinasdecultura.canoas.ifrs.edu.br\/?page_id=656","title":{"rendered":"Sobre a Oficina de Roteiro Audiovisual"},"content":{"rendered":"<p style=\"text-align: justify;\">As Produ\u00e7\u00f5es Audiovisuais, conhecidas mundialmente pelo cinema e v\u00eddeo,\u00a0s\u00e3o produtos culturais admirados pela sociedade industrial e tecnol\u00f3gica. Sendo\u00a0expressos por meio da sequ\u00eancia de imagens e ligados a estruturas diferenciadas. E\u00a0atualmente, com o desenvolvimento acelerado das novas tecnologias, a\u00a0comunica\u00e7\u00e3o a partir do uso de imagens \u00e9 cada vez mais difundida em nossa\u00a0sociedade. Nesse sentido, a articula\u00e7\u00e3o entre os meios audiovisual e a educa\u00e7\u00e3o \u00e9\u00a0fundamental para o trabalho pedag\u00f3gico com as novas gera\u00e7\u00f5es.<\/p>\n<p style=\"text-align: justify;\">A Oficina de Roteiro Audiovisual prop\u00f5e o desenvolvimento b\u00e1sico da escrita\u00a0de roteiros, objetivando a elabora\u00e7\u00e3o de roteiros de curtas metragens. Portanto, a\u00a0inten\u00e7\u00e3o principal \u00e9 desenvolver a criatividade, a habilidade da comunica\u00e7\u00e3o escrita\u00a0e o trabalho em equipe tendo como plano de fundo o desenvolvimento da linguagem\u00a0cinematogr\u00e1fica. Sua metodologia s\u00e3o encontros semanais de duas horas de\u00a0dura\u00e7\u00e3o, que oferecem a teoria relacionada \u00e0 estrutura de um roteiro, como por\u00a0exemplo: ideias, formas dram\u00e1ticas, plot e elementos da curva dram\u00e1tica, a\u00a0constru\u00e7\u00e3o de personagens, elabora\u00e7\u00e3o de di\u00e1logos, formata\u00e7\u00e3o do roteiro e\u00a0utiliza\u00e7\u00e3o de softwares espec\u00edficos.<\/p>\n<p style=\"text-align: justify;\">No ano de 2013 a oficina produziu o document\u00e1rio \u201cProeja em primeira\u00a0pessoa\u201d, sobre as hist\u00f3rias de vida dos estudantes do curso do PROEJA \u2013\u00a0Programa Nacional de Integra\u00e7\u00e3o da Educa\u00e7\u00e3o Profissional com a Educa\u00e7\u00e3o B\u00e1sica\u00a0na Modalidade de Jovens e Adultos desenvolvido no Campus.<\/p>\n<p style=\"text-align: justify;\">A Oficina atualmente est\u00e1 desativada.<\/p>\n","protected":false},"excerpt":{"rendered":"<p>As Produ\u00e7\u00f5es Audiovisuais, conhecidas mundialmente pelo cinema e v\u00eddeo,\u00a0s\u00e3o produtos culturais admirados pela sociedade industrial e tecnol\u00f3gica. Sendo\u00a0expressos por meio da sequ\u00eancia de imagens e ligados a estruturas diferenciadas. E\u00a0atualmente,[&#8230;]<\/p>\n","protected":false},"author":1,"featured_media":0,"parent":0,"menu_order":0,"comment_status":"closed","ping_status":"closed","template":"","meta":{"footnotes":""},"class_list":["post-656","page","type-page","status-publish","hentry"],"_links":{"self":[{"href":"https:\/\/oficinasdecultura.canoas.ifrs.edu.br\/index.php?rest_route=\/wp\/v2\/pages\/656","targetHints":{"allow":["GET"]}}],"collection":[{"href":"https:\/\/oficinasdecultura.canoas.ifrs.edu.br\/index.php?rest_route=\/wp\/v2\/pages"}],"about":[{"href":"https:\/\/oficinasdecultura.canoas.ifrs.edu.br\/index.php?rest_route=\/wp\/v2\/types\/page"}],"author":[{"embeddable":true,"href":"https:\/\/oficinasdecultura.canoas.ifrs.edu.br\/index.php?rest_route=\/wp\/v2\/users\/1"}],"replies":[{"embeddable":true,"href":"https:\/\/oficinasdecultura.canoas.ifrs.edu.br\/index.php?rest_route=%2Fwp%2Fv2%2Fcomments&post=656"}],"version-history":[{"count":2,"href":"https:\/\/oficinasdecultura.canoas.ifrs.edu.br\/index.php?rest_route=\/wp\/v2\/pages\/656\/revisions"}],"predecessor-version":[{"id":659,"href":"https:\/\/oficinasdecultura.canoas.ifrs.edu.br\/index.php?rest_route=\/wp\/v2\/pages\/656\/revisions\/659"}],"wp:attachment":[{"href":"https:\/\/oficinasdecultura.canoas.ifrs.edu.br\/index.php?rest_route=%2Fwp%2Fv2%2Fmedia&parent=656"}],"curies":[{"name":"wp","href":"https:\/\/api.w.org\/{rel}","templated":true}]}}